{"id":72287,"date":"2025-03-24T23:31:56","date_gmt":"2025-03-24T23:31:56","guid":{"rendered":"https:\/\/www.lessoeursdenoe.com\/non%20class\u00e9\/red-berries-elixir\/"},"modified":"2026-05-04T07:32:22","modified_gmt":"2026-05-04T07:32:22","slug":"red-berries-elixir","status":"publish","type":"product","link":"https:\/\/www.lessoeursdenoe.com\/fr\/collection-ruby\/red-berries-elixir\/","title":{"rendered":"Red Berries Elixir"},"content":{"rendered":"<p>Red Berries Elixir est une c\u00e9l\u00e9bration joyeuse et vibrante, capturant l\u2019exub\u00e9rance des moments partag\u00e9s, remplis de rires et de complicit\u00e9. Imaginez une journ\u00e9e ensoleill\u00e9e o\u00f9 des amis se r\u00e9unissent autour d\u2019une table orn\u00e9e de fruits rouges \u00e9clatants, dont le doux parfum embaume l\u2019air. Les \u00e9clats de rire r\u00e9sonnent tout autour, et chaque instant est marqu\u00e9 par une \u00e9nergie d\u00e9bordante et une atmosph\u00e8re festive. Red Berries Elixir incarne cette joie collective et rayonnante, chaque vaporisation \u00e9voquant un moment partag\u00e9 de pur bonheur.   <\/p>\n","protected":false},"excerpt":{"rendered":"<p>Red Berries Elixir est une c\u00e9l\u00e9bration joyeuse et vibrante, capturant l\u2019exub\u00e9rance des moments partag\u00e9s, remplis de rires et de complicit\u00e9. Imaginez une journ\u00e9e ensoleill\u00e9e o\u00f9 des amis se r\u00e9unissent autour d\u2019une table orn\u00e9e de fruits rouges \u00e9clatants, dont le doux parfum embaume l\u2019air. Les \u00e9clats de rire r\u00e9sonnent tout autour, et chaque instant est marqu\u00e9 [&hellip;]<\/p>\n","protected":false},"featured_media":72146,"template":"","meta":{"_acf_changed":false,"_et_pb_use_builder":"off","_et_pb_old_content":"Red Berries Elixir est une c\u00e9l\u00e9bration joyeuse et vibrante, capturant l\u2019exub\u00e9rance des moments partag\u00e9s, remplis de rires et de complicit\u00e9. Imaginez une journ\u00e9e ensoleill\u00e9e o\u00f9 des amis se r\u00e9unissent autour d\u2019une table orn\u00e9e de fruits rouges \u00e9clatants, dont le doux parfum embaume l\u2019air. Les \u00e9clats de rire r\u00e9sonnent tout autour, et chaque instant est marqu\u00e9 par une \u00e9nergie d\u00e9bordante et une atmosph\u00e8re festive. Red Berries Elixir incarne cette joie collective et rayonnante, chaque vaporisation \u00e9voquant un moment partag\u00e9 de pur bonheur.   ","_et_gb_content_width":""},"product_brand":[],"product_cat":[44],"product_tag":[57],"class_list":{"0":"post-72287","1":"product","2":"type-product","3":"status-publish","4":"has-post-thumbnail","6":"product_cat-collection-ruby","7":"product_tag-variable","8":"pa_volume-100ml","9":"pa_volume-20ml","11":"first","12":"instock","13":"taxable","14":"shipping-taxable","15":"purchasable","16":"product-type-variable"},"acf":[],"_links":{"self":[{"href":"https:\/\/www.lessoeursdenoe.com\/fr\/wp-json\/wp\/v2\/product\/72287","targetHints":{"allow":["GET"]}}],"collection":[{"href":"https:\/\/www.lessoeursdenoe.com\/fr\/wp-json\/wp\/v2\/product"}],"about":[{"href":"https:\/\/www.lessoeursdenoe.com\/fr\/wp-json\/wp\/v2\/types\/product"}],"wp:featuredmedia":[{"embeddable":true,"href":"https:\/\/www.lessoeursdenoe.com\/fr\/wp-json\/wp\/v2\/media\/72146"}],"wp:attachment":[{"href":"https:\/\/www.lessoeursdenoe.com\/fr\/wp-json\/wp\/v2\/media?parent=72287"}],"wp:term":[{"taxonomy":"product_brand","embeddable":true,"href":"https:\/\/www.lessoeursdenoe.com\/fr\/wp-json\/wp\/v2\/product_brand?post=72287"},{"taxonomy":"product_cat","embeddable":true,"href":"https:\/\/www.lessoeursdenoe.com\/fr\/wp-json\/wp\/v2\/product_cat?post=72287"},{"taxonomy":"product_tag","embeddable":true,"href":"https:\/\/www.lessoeursdenoe.com\/fr\/wp-json\/wp\/v2\/product_tag?post=72287"}],"curies":[{"name":"wp","href":"https:\/\/api.w.org\/{rel}","templated":true}]}}