{"id":72288,"date":"2025-03-26T00:43:57","date_gmt":"2025-03-26T00:43:57","guid":{"rendered":"https:\/\/www.lessoeursdenoe.com\/non%20class\u00e9\/forbidden-nectar\/"},"modified":"2026-05-04T07:32:23","modified_gmt":"2026-05-04T07:32:23","slug":"forbidden-nectar","status":"publish","type":"product","link":"https:\/\/www.lessoeursdenoe.com\/fr\/collection-ruby\/forbidden-nectar\/","title":{"rendered":"Forbidden Nectar"},"content":{"rendered":"<p>Forbidden Nectar incarne l\u2019esprit audacieux de ceux qui d\u00e9fient les fronti\u00e8res. Ce parfum puissant et affirm\u00e9 r\u00e9veille des \u00e9motions profondes et inspire \u00e0 celui ou celle qui le porte un sentiment d\u2019invincibilit\u00e9 et de confiance absolue.<br \/>Il s\u2019ouvre sur un \u00e9clat fruit\u00e9 de cerise, p\u00eache et ananas, illumin\u00e9 par la bergamote et la mandarine, avant de r\u00e9v\u00e9ler un coeur floral de jasmin sambac, orchid\u00e9e blanche et gard\u00e9nia. La composition s\u2019ancre ensuite dans un fond velout\u00e9 de nectar de p\u00eache, de bois de c\u00e8dre et de muscs de peau.<br \/>Cherry Blush est une d\u00e9claration olfactive de puissance personnelle et de libert\u00e9, parfaite pour ceux qui osent embrasser leur nature la plus audacieuse.   <\/p>\n","protected":false},"excerpt":{"rendered":"<p>Forbidden Nectar incarne l\u2019esprit audacieux de ceux qui d\u00e9fient les fronti\u00e8res. Ce parfum puissant et affirm\u00e9 r\u00e9veille des \u00e9motions profondes et inspire \u00e0 celui ou celle qui le porte un sentiment d\u2019invincibilit\u00e9 et de confiance absolue.Il s\u2019ouvre sur un \u00e9clat fruit\u00e9 de cerise, p\u00eache et ananas, illumin\u00e9 par la bergamote et la mandarine, avant de [&hellip;]<\/p>\n","protected":false},"featured_media":249,"template":"","meta":{"_acf_changed":false,"_et_pb_use_builder":"","_et_pb_old_content":"","_et_gb_content_width":""},"product_brand":[],"product_cat":[44],"product_tag":[57],"class_list":{"0":"post-72288","1":"product","2":"type-product","3":"status-publish","4":"has-post-thumbnail","6":"product_cat-collection-ruby","7":"product_tag-variable","8":"pa_volume-100ml","9":"pa_volume-20ml","11":"first","12":"instock","13":"taxable","14":"shipping-taxable","15":"purchasable","16":"product-type-variable"},"acf":[],"_links":{"self":[{"href":"https:\/\/www.lessoeursdenoe.com\/fr\/wp-json\/wp\/v2\/product\/72288","targetHints":{"allow":["GET"]}}],"collection":[{"href":"https:\/\/www.lessoeursdenoe.com\/fr\/wp-json\/wp\/v2\/product"}],"about":[{"href":"https:\/\/www.lessoeursdenoe.com\/fr\/wp-json\/wp\/v2\/types\/product"}],"wp:featuredmedia":[{"embeddable":true,"href":"https:\/\/www.lessoeursdenoe.com\/fr\/wp-json\/wp\/v2\/media\/249"}],"wp:attachment":[{"href":"https:\/\/www.lessoeursdenoe.com\/fr\/wp-json\/wp\/v2\/media?parent=72288"}],"wp:term":[{"taxonomy":"product_brand","embeddable":true,"href":"https:\/\/www.lessoeursdenoe.com\/fr\/wp-json\/wp\/v2\/product_brand?post=72288"},{"taxonomy":"product_cat","embeddable":true,"href":"https:\/\/www.lessoeursdenoe.com\/fr\/wp-json\/wp\/v2\/product_cat?post=72288"},{"taxonomy":"product_tag","embeddable":true,"href":"https:\/\/www.lessoeursdenoe.com\/fr\/wp-json\/wp\/v2\/product_tag?post=72288"}],"curies":[{"name":"wp","href":"https:\/\/api.w.org\/{rel}","templated":true}]}}