{"id":72290,"date":"2025-03-26T01:52:53","date_gmt":"2025-03-26T01:52:53","guid":{"rendered":"https:\/\/www.lessoeursdenoe.com\/non%20class\u00e9\/pear-addiction\/"},"modified":"2026-03-26T18:58:28","modified_gmt":"2026-03-26T18:58:28","slug":"pear-addiction","status":"publish","type":"product","link":"https:\/\/www.lessoeursdenoe.com\/fr\/collection-gold\/pear-addiction\/","title":{"rendered":"Pear Addiction"},"content":{"rendered":"<p>Pear Addiction incarne l\u2019esprit intr\u00e9pide d\u2019une nouvelle g\u00e9n\u00e9ration audacieuse, rebelle et affranchie des conventions. C\u2019est un hommage \u00e0 ceux qui red\u00e9finissent l\u2019\u00e9l\u00e9gance et r\u00e9inventent leur mode de vie. Une fusion vibrante de poire juteuse, pomme croquante et litchi exotique \u00e9veille les sens dans un \u00e9clat d\u2019\u00e9nergie \u00e9lectrisant. Au coeur, un d\u00e9licat m\u00e9lange de p\u00e9tales de violette et de jasmin apporte profondeur et raffinement. Au fil du temps, la chaleur du c\u00e8dre blanc, des muscs roses et de l\u2019ambre enveloppe la fragrance d\u2019une aura magn\u00e9tique et irr\u00e9sistible. Pear Addiction est une d\u00e9claration de charisme moderne et de cr\u00e9ativit\u00e9 avant-gardiste.   <\/p>\n","protected":false},"excerpt":{"rendered":"<p>Pear Addiction incarne l\u2019esprit intr\u00e9pide d\u2019une nouvelle g\u00e9n\u00e9ration audacieuse, rebelle et affranchie des conventions. C\u2019est un hommage \u00e0 ceux qui red\u00e9finissent l\u2019\u00e9l\u00e9gance et r\u00e9inventent leur mode de vie. Une fusion vibrante de poire juteuse, pomme croquante et litchi exotique \u00e9veille les sens dans un \u00e9clat d\u2019\u00e9nergie \u00e9lectrisant. Au coeur, un d\u00e9licat m\u00e9lange de p\u00e9tales de [&hellip;]<\/p>\n","protected":false},"featured_media":266,"template":"","meta":{"_acf_changed":false,"_et_pb_use_builder":"on","_et_pb_old_content":"","_et_gb_content_width":""},"product_brand":[],"product_cat":[43],"product_tag":[57],"class_list":{"0":"post-72290","1":"product","2":"type-product","3":"status-publish","4":"has-post-thumbnail","6":"product_cat-collection-gold","7":"product_tag-variable","8":"pa_volume-100ml","9":"pa_volume-20ml","11":"first","12":"instock","13":"taxable","14":"shipping-taxable","15":"purchasable","16":"product-type-variable","17":"has-default-attributes"},"acf":[],"_links":{"self":[{"href":"https:\/\/www.lessoeursdenoe.com\/fr\/wp-json\/wp\/v2\/product\/72290","targetHints":{"allow":["GET"]}}],"collection":[{"href":"https:\/\/www.lessoeursdenoe.com\/fr\/wp-json\/wp\/v2\/product"}],"about":[{"href":"https:\/\/www.lessoeursdenoe.com\/fr\/wp-json\/wp\/v2\/types\/product"}],"wp:featuredmedia":[{"embeddable":true,"href":"https:\/\/www.lessoeursdenoe.com\/fr\/wp-json\/wp\/v2\/media\/266"}],"wp:attachment":[{"href":"https:\/\/www.lessoeursdenoe.com\/fr\/wp-json\/wp\/v2\/media?parent=72290"}],"wp:term":[{"taxonomy":"product_brand","embeddable":true,"href":"https:\/\/www.lessoeursdenoe.com\/fr\/wp-json\/wp\/v2\/product_brand?post=72290"},{"taxonomy":"product_cat","embeddable":true,"href":"https:\/\/www.lessoeursdenoe.com\/fr\/wp-json\/wp\/v2\/product_cat?post=72290"},{"taxonomy":"product_tag","embeddable":true,"href":"https:\/\/www.lessoeursdenoe.com\/fr\/wp-json\/wp\/v2\/product_tag?post=72290"}],"curies":[{"name":"wp","href":"https:\/\/api.w.org\/{rel}","templated":true}]}}