{"id":72291,"date":"2025-03-26T02:08:20","date_gmt":"2025-03-26T02:08:20","guid":{"rendered":"https:\/\/www.lessoeursdenoe.com\/non%20class\u00e9\/neon-splash\/"},"modified":"2025-11-25T13:45:19","modified_gmt":"2025-11-25T13:45:19","slug":"neon-splash","status":"publish","type":"product","link":"https:\/\/www.lessoeursdenoe.com\/fr\/collection-gold\/neon-splash\/","title":{"rendered":"Neon Splash"},"content":{"rendered":"<p>Neon Splash est un hommage \u00e0 l\u2019\u00e9nergie \u00e9lectrisante de la vie urbaine contemporaine. Inspir\u00e9 par l\u2019\u00e9clat des lumi\u00e8res d\u2019une skyline citadine, ce parfum associe la fra\u00eecheur p\u00e9tillante du pamplemousse sucr\u00e9 et de l\u2019orange rouge \u00e0 la richesse exotique de la mangue, envelopp\u00e9e dans la chaleur de l\u2019ambre. Sa composition, \u00e0 la fois audacieuse et raffin\u00e9e, refl\u00e8te la sophistication et l\u2019effervescence du paysage urbain moderne, incarnant une expression luxueuse du dynamisme et de l\u2019\u00e9l\u00e9gance contemporaine.  <\/p>\n","protected":false},"excerpt":{"rendered":"<p>Neon Splash est un hommage \u00e0 l\u2019\u00e9nergie \u00e9lectrisante de la vie urbaine contemporaine. Inspir\u00e9 par l\u2019\u00e9clat des lumi\u00e8res d\u2019une skyline citadine, ce parfum associe la fra\u00eecheur p\u00e9tillante du pamplemousse sucr\u00e9 et de l\u2019orange rouge \u00e0 la richesse exotique de la mangue, envelopp\u00e9e dans la chaleur de l\u2019ambre. Sa composition, \u00e0 la fois audacieuse et raffin\u00e9e, [&hellip;]<\/p>\n","protected":false},"featured_media":72154,"template":"","meta":{"_acf_changed":false,"_et_pb_use_builder":"","_et_pb_old_content":"","_et_gb_content_width":""},"product_brand":[],"product_cat":[43],"product_tag":[57],"class_list":{"0":"post-72291","1":"product","2":"type-product","3":"status-publish","4":"has-post-thumbnail","6":"product_cat-collection-gold","7":"product_tag-variable","8":"pa_volume-100ml","9":"pa_volume-20ml","11":"first","12":"instock","13":"taxable","14":"shipping-taxable","15":"purchasable","16":"product-type-variable","17":"has-default-attributes"},"acf":[],"_links":{"self":[{"href":"https:\/\/www.lessoeursdenoe.com\/fr\/wp-json\/wp\/v2\/product\/72291","targetHints":{"allow":["GET"]}}],"collection":[{"href":"https:\/\/www.lessoeursdenoe.com\/fr\/wp-json\/wp\/v2\/product"}],"about":[{"href":"https:\/\/www.lessoeursdenoe.com\/fr\/wp-json\/wp\/v2\/types\/product"}],"wp:featuredmedia":[{"embeddable":true,"href":"https:\/\/www.lessoeursdenoe.com\/fr\/wp-json\/wp\/v2\/media\/72154"}],"wp:attachment":[{"href":"https:\/\/www.lessoeursdenoe.com\/fr\/wp-json\/wp\/v2\/media?parent=72291"}],"wp:term":[{"taxonomy":"product_brand","embeddable":true,"href":"https:\/\/www.lessoeursdenoe.com\/fr\/wp-json\/wp\/v2\/product_brand?post=72291"},{"taxonomy":"product_cat","embeddable":true,"href":"https:\/\/www.lessoeursdenoe.com\/fr\/wp-json\/wp\/v2\/product_cat?post=72291"},{"taxonomy":"product_tag","embeddable":true,"href":"https:\/\/www.lessoeursdenoe.com\/fr\/wp-json\/wp\/v2\/product_tag?post=72291"}],"curies":[{"name":"wp","href":"https:\/\/api.w.org\/{rel}","templated":true}]}}