{"id":72292,"date":"2025-03-26T02:14:11","date_gmt":"2025-03-26T02:14:11","guid":{"rendered":"https:\/\/www.lessoeursdenoe.com\/non%20class\u00e9\/saffron-flower\/"},"modified":"2025-09-02T08:25:36","modified_gmt":"2025-09-02T08:25:36","slug":"saffron-flower","status":"publish","type":"product","link":"https:\/\/www.lessoeursdenoe.com\/fr\/collection-signature\/saffron-flower\/","title":{"rendered":"Saffron Flower"},"content":{"rendered":"<p>Saffron Flower est une v\u00e9ritable f\u00eate des sens en hommage aux multiples facettes de Marrakech, grav\u00e9es dans les souvenirs de Nadia Benaisa. Un parfum saisissant de couleurs : des tonalit\u00e9s chaudes et envoutantes de Safran et de poivre noir m\u00eal\u00e9es \u00e0 une certaine sensualit\u00e9, du Jasmin au c\u00f4t\u00e9 du cuir sur un fond de notes bois\u00e9es et de vanille. La promesse de sensations in\u00e9gal\u00e9es \u00e9manant des ruelles de la ville rouge &#8211; les couleurs chatoyantes et les odeurs orientales &#8211; est explor\u00e9e \u00e0 travers Saffron Flower.  <\/p>\n","protected":false},"excerpt":{"rendered":"<p>Saffron Flower est une v\u00e9ritable f\u00eate des sens en hommage aux multiples facettes de Marrakech, grav\u00e9es dans les souvenirs de Nadia Benaisa. Un parfum saisissant de couleurs : des tonalit\u00e9s chaudes et envoutantes de Safran et de poivre noir m\u00eal\u00e9es \u00e0 une certaine sensualit\u00e9, du Jasmin au c\u00f4t\u00e9 du cuir sur un fond de notes [&hellip;]<\/p>\n","protected":false},"featured_media":72155,"template":"","meta":{"_acf_changed":false,"_et_pb_use_builder":"","_et_pb_old_content":"","_et_gb_content_width":""},"product_brand":[],"product_cat":[46],"product_tag":[],"class_list":{"0":"post-72292","1":"product","2":"type-product","3":"status-publish","4":"has-post-thumbnail","6":"product_cat-collection-signature","8":"first","9":"instock","10":"taxable","11":"shipping-taxable","12":"purchasable","13":"product-type-simple"},"acf":[],"_links":{"self":[{"href":"https:\/\/www.lessoeursdenoe.com\/fr\/wp-json\/wp\/v2\/product\/72292","targetHints":{"allow":["GET"]}}],"collection":[{"href":"https:\/\/www.lessoeursdenoe.com\/fr\/wp-json\/wp\/v2\/product"}],"about":[{"href":"https:\/\/www.lessoeursdenoe.com\/fr\/wp-json\/wp\/v2\/types\/product"}],"wp:featuredmedia":[{"embeddable":true,"href":"https:\/\/www.lessoeursdenoe.com\/fr\/wp-json\/wp\/v2\/media\/72155"}],"wp:attachment":[{"href":"https:\/\/www.lessoeursdenoe.com\/fr\/wp-json\/wp\/v2\/media?parent=72292"}],"wp:term":[{"taxonomy":"product_brand","embeddable":true,"href":"https:\/\/www.lessoeursdenoe.com\/fr\/wp-json\/wp\/v2\/product_brand?post=72292"},{"taxonomy":"product_cat","embeddable":true,"href":"https:\/\/www.lessoeursdenoe.com\/fr\/wp-json\/wp\/v2\/product_cat?post=72292"},{"taxonomy":"product_tag","embeddable":true,"href":"https:\/\/www.lessoeursdenoe.com\/fr\/wp-json\/wp\/v2\/product_tag?post=72292"}],"curies":[{"name":"wp","href":"https:\/\/api.w.org\/{rel}","templated":true}]}}