{"id":72297,"date":"2025-03-26T14:49:10","date_gmt":"2025-03-26T14:49:10","guid":{"rendered":"https:\/\/www.lessoeursdenoe.com\/non%20class\u00e9\/nomad-soul\/"},"modified":"2025-09-02T08:39:15","modified_gmt":"2025-09-02T08:39:15","slug":"nomad-soul","status":"publish","type":"product","link":"https:\/\/www.lessoeursdenoe.com\/fr\/collection-signature\/nomad-soul\/","title":{"rendered":"Nomad Soul"},"content":{"rendered":"<p>Nomad Soul \u00e9voque les nombreux voyages o\u00f9 l\u2019on a le sentiment d\u2019\u00eatre chez soi. O\u00f9 l\u2019on commence les journ\u00e9es en partant d\u2019une page blanche, l\u2019esprit libre et ouvert \u00e0 de belles d\u00e9couvertes. Nomad Soul capture les frissons d\u2019un chemin inconnu et ses secrets les plus inattendus. \u00c0 la fois envo\u00fbtant et myst\u00e9rieux, Nomad Soul offre un voyage unique et intimiste. Les notes de cardamome, d\u00e9licatement \u00e9pic\u00e9es, et la douceur de la bergamote associ\u00e9es \u00e0 la rose intense et au mat\u00e9 nous transportent dans un sillage chaud, bois\u00e9 et voluptueux. <\/p>\n","protected":false},"excerpt":{"rendered":"<p>Nomad Soul \u00e9voque les nombreux voyages o\u00f9 l\u2019on a le sentiment d\u2019\u00eatre chez soi. O\u00f9 l\u2019on commence les journ\u00e9es en partant d\u2019une page blanche, l\u2019esprit libre et ouvert \u00e0 de belles d\u00e9couvertes. Nomad Soul capture les frissons d\u2019un chemin inconnu et ses secrets les plus inattendus. \u00c0 la fois envo\u00fbtant et myst\u00e9rieux, Nomad Soul offre [&hellip;]<\/p>\n","protected":false},"featured_media":72184,"template":"","meta":{"_acf_changed":false,"_et_pb_use_builder":"","_et_pb_old_content":"","_et_gb_content_width":""},"product_brand":[],"product_cat":[46],"product_tag":[],"class_list":{"0":"post-72297","1":"product","2":"type-product","3":"status-publish","4":"has-post-thumbnail","6":"product_cat-collection-signature","8":"first","9":"instock","10":"taxable","11":"shipping-taxable","12":"purchasable","13":"product-type-simple"},"acf":[],"_links":{"self":[{"href":"https:\/\/www.lessoeursdenoe.com\/fr\/wp-json\/wp\/v2\/product\/72297","targetHints":{"allow":["GET"]}}],"collection":[{"href":"https:\/\/www.lessoeursdenoe.com\/fr\/wp-json\/wp\/v2\/product"}],"about":[{"href":"https:\/\/www.lessoeursdenoe.com\/fr\/wp-json\/wp\/v2\/types\/product"}],"wp:featuredmedia":[{"embeddable":true,"href":"https:\/\/www.lessoeursdenoe.com\/fr\/wp-json\/wp\/v2\/media\/72184"}],"wp:attachment":[{"href":"https:\/\/www.lessoeursdenoe.com\/fr\/wp-json\/wp\/v2\/media?parent=72297"}],"wp:term":[{"taxonomy":"product_brand","embeddable":true,"href":"https:\/\/www.lessoeursdenoe.com\/fr\/wp-json\/wp\/v2\/product_brand?post=72297"},{"taxonomy":"product_cat","embeddable":true,"href":"https:\/\/www.lessoeursdenoe.com\/fr\/wp-json\/wp\/v2\/product_cat?post=72297"},{"taxonomy":"product_tag","embeddable":true,"href":"https:\/\/www.lessoeursdenoe.com\/fr\/wp-json\/wp\/v2\/product_tag?post=72297"}],"curies":[{"name":"wp","href":"https:\/\/api.w.org\/{rel}","templated":true}]}}