{"id":72298,"date":"2025-03-26T14:51:42","date_gmt":"2025-03-26T14:51:42","guid":{"rendered":"https:\/\/www.lessoeursdenoe.com\/non%20class\u00e9\/mitsio-vanille\/"},"modified":"2025-11-04T13:01:42","modified_gmt":"2025-11-04T13:01:42","slug":"mitsio-vanille","status":"publish","type":"product","link":"https:\/\/www.lessoeursdenoe.com\/fr\/collection-signature\/mitsio-vanille\/","title":{"rendered":"Mitsio Vanille"},"content":{"rendered":"<p>Mitsio Vanille puise son inspiration dans l\u2019exp\u00e9rience inoubliable de Nadia \u00e0 Madagascar. Lorsqu\u2019elle a soutenu une initiative visant \u00e0 offrir l\u2019\u00e9ducation aux villages recul\u00e9s, elle a \u00e9t\u00e9 profond\u00e9ment touch\u00e9e par la joie et la r\u00e9silience des enfants, ainsi que par le lien humain et l\u2019\u00e9motion sinc\u00e8re partag\u00e9s avec la communaut\u00e9. Mitsio Vanille capture l\u2019essence de ce voyage, m\u00ealant une chaleur r\u00e9confortante \u00e0 une \u00e9l\u00e9gance intemporelle, et refl\u00e9tant l\u2019authenticit\u00e9 et la beaut\u00e9 que Nadia a d\u00e9couvertes au cours de ces jours qui ont chang\u00e9 sa vie. Au coeur de ce parfum r\u00e9side une vanille exceptionnelle , riche, cr\u00e9meuse et enveloppante qui apporte profondeur et sensualit\u00e9 \u00e0 la composition. <\/p>\n","protected":false},"excerpt":{"rendered":"<p>Mitsio Vanille puise son inspiration dans l\u2019exp\u00e9rience inoubliable de Nadia \u00e0 Madagascar. Lorsqu\u2019elle a soutenu une initiative visant \u00e0 offrir l\u2019\u00e9ducation aux villages recul\u00e9s, elle a \u00e9t\u00e9 profond\u00e9ment touch\u00e9e par la joie et la r\u00e9silience des enfants, ainsi que par le lien humain et l\u2019\u00e9motion sinc\u00e8re partag\u00e9s avec la communaut\u00e9. Mitsio Vanille capture l\u2019essence de [&hellip;]<\/p>\n","protected":false},"featured_media":340,"template":"","meta":{"_acf_changed":false,"_et_pb_use_builder":"","_et_pb_old_content":"","_et_gb_content_width":""},"product_brand":[],"product_cat":[46],"product_tag":[57],"class_list":{"0":"post-72298","1":"product","2":"type-product","3":"status-publish","4":"has-post-thumbnail","6":"product_cat-collection-signature","7":"product_tag-variable","8":"pa_volume-100ml","9":"pa_volume-20ml","11":"first","12":"instock","13":"taxable","14":"shipping-taxable","15":"purchasable","16":"product-type-variable"},"acf":[],"_links":{"self":[{"href":"https:\/\/www.lessoeursdenoe.com\/fr\/wp-json\/wp\/v2\/product\/72298","targetHints":{"allow":["GET"]}}],"collection":[{"href":"https:\/\/www.lessoeursdenoe.com\/fr\/wp-json\/wp\/v2\/product"}],"about":[{"href":"https:\/\/www.lessoeursdenoe.com\/fr\/wp-json\/wp\/v2\/types\/product"}],"wp:featuredmedia":[{"embeddable":true,"href":"https:\/\/www.lessoeursdenoe.com\/fr\/wp-json\/wp\/v2\/media\/340"}],"wp:attachment":[{"href":"https:\/\/www.lessoeursdenoe.com\/fr\/wp-json\/wp\/v2\/media?parent=72298"}],"wp:term":[{"taxonomy":"product_brand","embeddable":true,"href":"https:\/\/www.lessoeursdenoe.com\/fr\/wp-json\/wp\/v2\/product_brand?post=72298"},{"taxonomy":"product_cat","embeddable":true,"href":"https:\/\/www.lessoeursdenoe.com\/fr\/wp-json\/wp\/v2\/product_cat?post=72298"},{"taxonomy":"product_tag","embeddable":true,"href":"https:\/\/www.lessoeursdenoe.com\/fr\/wp-json\/wp\/v2\/product_tag?post=72298"}],"curies":[{"name":"wp","href":"https:\/\/api.w.org\/{rel}","templated":true}]}}