{"id":72299,"date":"2025-03-26T14:54:21","date_gmt":"2025-03-26T14:54:21","guid":{"rendered":"https:\/\/www.lessoeursdenoe.com\/non%20class\u00e9\/midnight-call\/"},"modified":"2026-04-21T15:16:00","modified_gmt":"2026-04-21T15:16:00","slug":"midnight-call","status":"publish","type":"product","link":"https:\/\/www.lessoeursdenoe.com\/fr\/collection-signature\/midnight-call\/","title":{"rendered":"Midnight Call"},"content":{"rendered":"<p>Midnight Call capture l\u2019enchantement de l\u2019attente, ce frisson unique qui pr\u00e9c\u00e8de un moment extraordinaire. Inspir\u00e9 par l\u2019intensit\u00e9 des instants pr\u00e9c\u00e9dant un rendez-vous \u00e9lectrisant, ce parfum incarne la sophistication, l\u2019attrait irr\u00e9sistible et l\u2019exaltation du d\u00e9sir naissant.<br \/>Son accord de fruit de la passion et bergamote, adouci par la violette et le mimosa, compose une aura \u00e0 la fois \u00e9l\u00e9gante et envo\u00fbtante, id\u00e9ale pour les rencontres inoubliables.  <\/p>\n","protected":false},"excerpt":{"rendered":"<p>Midnight Call capture l\u2019enchantement de l\u2019attente, ce frisson unique qui pr\u00e9c\u00e8de un moment extraordinaire. Inspir\u00e9 par l\u2019intensit\u00e9 des instants pr\u00e9c\u00e9dant un rendez-vous \u00e9lectrisant, ce parfum incarne la sophistication, l\u2019attrait irr\u00e9sistible et l\u2019exaltation du d\u00e9sir naissant.Son accord de fruit de la passion et bergamote, adouci par la violette et le mimosa, compose une aura \u00e0 la [&hellip;]<\/p>\n","protected":false},"featured_media":337,"template":"","meta":{"_acf_changed":false,"_et_pb_use_builder":"on","_et_pb_old_content":"","_et_gb_content_width":""},"product_brand":[],"product_cat":[46],"product_tag":[57],"class_list":{"0":"post-72299","1":"product","2":"type-product","3":"status-publish","4":"has-post-thumbnail","6":"product_cat-collection-signature","7":"product_tag-variable","8":"pa_volume-100ml","9":"pa_volume-20ml","11":"first","12":"instock","13":"taxable","14":"shipping-taxable","15":"purchasable","16":"product-type-variable"},"acf":[],"_links":{"self":[{"href":"https:\/\/www.lessoeursdenoe.com\/fr\/wp-json\/wp\/v2\/product\/72299","targetHints":{"allow":["GET"]}}],"collection":[{"href":"https:\/\/www.lessoeursdenoe.com\/fr\/wp-json\/wp\/v2\/product"}],"about":[{"href":"https:\/\/www.lessoeursdenoe.com\/fr\/wp-json\/wp\/v2\/types\/product"}],"wp:featuredmedia":[{"embeddable":true,"href":"https:\/\/www.lessoeursdenoe.com\/fr\/wp-json\/wp\/v2\/media\/337"}],"wp:attachment":[{"href":"https:\/\/www.lessoeursdenoe.com\/fr\/wp-json\/wp\/v2\/media?parent=72299"}],"wp:term":[{"taxonomy":"product_brand","embeddable":true,"href":"https:\/\/www.lessoeursdenoe.com\/fr\/wp-json\/wp\/v2\/product_brand?post=72299"},{"taxonomy":"product_cat","embeddable":true,"href":"https:\/\/www.lessoeursdenoe.com\/fr\/wp-json\/wp\/v2\/product_cat?post=72299"},{"taxonomy":"product_tag","embeddable":true,"href":"https:\/\/www.lessoeursdenoe.com\/fr\/wp-json\/wp\/v2\/product_tag?post=72299"}],"curies":[{"name":"wp","href":"https:\/\/api.w.org\/{rel}","templated":true}]}}