{"id":72300,"date":"2025-03-26T14:55:29","date_gmt":"2025-03-26T14:55:29","guid":{"rendered":"https:\/\/www.lessoeursdenoe.com\/non%20class\u00e9\/jardin-de-macarons\/"},"modified":"2025-09-02T08:26:31","modified_gmt":"2025-09-02T08:26:31","slug":"jardin-de-macarons","status":"publish","type":"product","link":"https:\/\/www.lessoeursdenoe.com\/fr\/collection-signature\/jardin-de-macarons\/","title":{"rendered":"Jardin De Macarons"},"content":{"rendered":"<p>Une escapade onirique dans un jardin luxuriant de d\u00e9lices, o\u00f9 l\u2019\u00e9clat juteux du cassis et de la prune noire rencontre l\u2019\u00e9l\u00e9gance poudr\u00e9e et d\u00e9licate de la violette et de l\u2019iris. Au fil du temps, un murmure de barbe \u00e0 papa et la chaleur enveloppante du Palo Santo et du patchouli laissent derri\u00e8re eux un sillage a\u00e9rien et gourmand irr\u00e9sistible.<br \/>Une invitation \u00e0 savourer l\u2019\u00e9l\u00e9gance florale rehauss\u00e9e d\u2019une touche de gourmandise.  <\/p>\n","protected":false},"excerpt":{"rendered":"<p>Une escapade onirique dans un jardin luxuriant de d\u00e9lices, o\u00f9 l\u2019\u00e9clat juteux du cassis et de la prune noire rencontre l\u2019\u00e9l\u00e9gance poudr\u00e9e et d\u00e9licate de la violette et de l\u2019iris. Au fil du temps, un murmure de barbe \u00e0 papa et la chaleur enveloppante du Palo Santo et du patchouli laissent derri\u00e8re eux un sillage [&hellip;]<\/p>\n","protected":false},"featured_media":72175,"template":"","meta":{"_acf_changed":false,"_et_pb_use_builder":"","_et_pb_old_content":"","_et_gb_content_width":""},"product_brand":[],"product_cat":[46],"product_tag":[],"class_list":{"0":"post-72300","1":"product","2":"type-product","3":"status-publish","4":"has-post-thumbnail","6":"product_cat-collection-signature","8":"first","9":"instock","10":"taxable","11":"shipping-taxable","12":"purchasable","13":"product-type-simple"},"acf":[],"_links":{"self":[{"href":"https:\/\/www.lessoeursdenoe.com\/fr\/wp-json\/wp\/v2\/product\/72300","targetHints":{"allow":["GET"]}}],"collection":[{"href":"https:\/\/www.lessoeursdenoe.com\/fr\/wp-json\/wp\/v2\/product"}],"about":[{"href":"https:\/\/www.lessoeursdenoe.com\/fr\/wp-json\/wp\/v2\/types\/product"}],"wp:featuredmedia":[{"embeddable":true,"href":"https:\/\/www.lessoeursdenoe.com\/fr\/wp-json\/wp\/v2\/media\/72175"}],"wp:attachment":[{"href":"https:\/\/www.lessoeursdenoe.com\/fr\/wp-json\/wp\/v2\/media?parent=72300"}],"wp:term":[{"taxonomy":"product_brand","embeddable":true,"href":"https:\/\/www.lessoeursdenoe.com\/fr\/wp-json\/wp\/v2\/product_brand?post=72300"},{"taxonomy":"product_cat","embeddable":true,"href":"https:\/\/www.lessoeursdenoe.com\/fr\/wp-json\/wp\/v2\/product_cat?post=72300"},{"taxonomy":"product_tag","embeddable":true,"href":"https:\/\/www.lessoeursdenoe.com\/fr\/wp-json\/wp\/v2\/product_tag?post=72300"}],"curies":[{"name":"wp","href":"https:\/\/api.w.org\/{rel}","templated":true}]}}