{"id":72301,"date":"2025-03-26T14:56:58","date_gmt":"2025-03-26T14:56:58","guid":{"rendered":"https:\/\/www.lessoeursdenoe.com\/non%20class\u00e9\/cuir-noir-black-edition\/"},"modified":"2025-09-02T08:36:28","modified_gmt":"2025-09-02T08:36:28","slug":"cuir-noir-black-edition","status":"publish","type":"product","link":"https:\/\/www.lessoeursdenoe.com\/fr\/collection-signature\/cuir-noir-black-edition\/","title":{"rendered":"Cuir Noir Black Edition"},"content":{"rendered":"<p>Cuir Noir Black Edition capture le myst\u00e8re envo\u00fbtant et les contrastes fascinants de la nuit. Ce parfum audacieux, aux accents floraux et cuir\u00e9s, d\u00e9voile la magie du cr\u00e9puscule et ses couleurs hypnotiques. Imaginez un ciel \u00e0 la tomb\u00e9e du jour, passant de teintes vibrantes \u00e0 une obscurit\u00e9 velout\u00e9e. L\u2019air s\u2019impr\u00e8gne de la douceur subtile de la prune et du jasmin nocturne, m\u00eal\u00e9e \u00e0 la profondeur fum\u00e9e et intense de l\u2019encens et du cuir noir. Cuir Noir Black Edition encapsule cet instant suspendu, o\u00f9 la nuit r\u00e9v\u00e8le toute son intensit\u00e9 et son myst\u00e8re.    <\/p>\n","protected":false},"excerpt":{"rendered":"<p>Cuir Noir Black Edition capture le myst\u00e8re envo\u00fbtant et les contrastes fascinants de la nuit. Ce parfum audacieux, aux accents floraux et cuir\u00e9s, d\u00e9voile la magie du cr\u00e9puscule et ses couleurs hypnotiques. Imaginez un ciel \u00e0 la tomb\u00e9e du jour, passant de teintes vibrantes \u00e0 une obscurit\u00e9 velout\u00e9e. L\u2019air s\u2019impr\u00e8gne de la douceur subtile de [&hellip;]<\/p>\n","protected":false},"featured_media":331,"template":"","meta":{"_acf_changed":false,"_et_pb_use_builder":"on","_et_pb_old_content":"","_et_gb_content_width":""},"product_brand":[],"product_cat":[46],"product_tag":[],"class_list":{"0":"post-72301","1":"product","2":"type-product","3":"status-publish","4":"has-post-thumbnail","6":"product_cat-collection-signature","8":"first","9":"instock","10":"taxable","11":"shipping-taxable","12":"purchasable","13":"product-type-simple"},"acf":[],"_links":{"self":[{"href":"https:\/\/www.lessoeursdenoe.com\/fr\/wp-json\/wp\/v2\/product\/72301","targetHints":{"allow":["GET"]}}],"collection":[{"href":"https:\/\/www.lessoeursdenoe.com\/fr\/wp-json\/wp\/v2\/product"}],"about":[{"href":"https:\/\/www.lessoeursdenoe.com\/fr\/wp-json\/wp\/v2\/types\/product"}],"wp:featuredmedia":[{"embeddable":true,"href":"https:\/\/www.lessoeursdenoe.com\/fr\/wp-json\/wp\/v2\/media\/331"}],"wp:attachment":[{"href":"https:\/\/www.lessoeursdenoe.com\/fr\/wp-json\/wp\/v2\/media?parent=72301"}],"wp:term":[{"taxonomy":"product_brand","embeddable":true,"href":"https:\/\/www.lessoeursdenoe.com\/fr\/wp-json\/wp\/v2\/product_brand?post=72301"},{"taxonomy":"product_cat","embeddable":true,"href":"https:\/\/www.lessoeursdenoe.com\/fr\/wp-json\/wp\/v2\/product_cat?post=72301"},{"taxonomy":"product_tag","embeddable":true,"href":"https:\/\/www.lessoeursdenoe.com\/fr\/wp-json\/wp\/v2\/product_tag?post=72301"}],"curies":[{"name":"wp","href":"https:\/\/api.w.org\/{rel}","templated":true}]}}