{"id":72302,"date":"2025-03-26T14:58:28","date_gmt":"2025-03-26T14:58:28","guid":{"rendered":"https:\/\/www.lessoeursdenoe.com\/non%20class\u00e9\/clandestine-rendez-vous\/"},"modified":"2025-09-02T08:36:04","modified_gmt":"2025-09-02T08:36:04","slug":"clandestine-rendez-vous","status":"publish","type":"product","link":"https:\/\/www.lessoeursdenoe.com\/fr\/collection-signature\/clandestine-rendez-vous\/","title":{"rendered":"Clandestine Rendez-Vous"},"content":{"rendered":"<p>Clandestine Rendez-Vous est un hommage au myst\u00e8re et \u00e0 l\u2019envo\u00fbtement d\u2019un rendez-vous parisien clandestin. Ce parfum d\u2019exception capture l\u2019excitation de l\u2019inconnu, enveloppant celui qui le porte dans une symphonie ambr\u00e9e et aromatique, laissant derri\u00e8re lui un sillage inoubliable.<br \/>D\u2019une tenue incomparable et \u00e9labor\u00e9 \u00e0 partir des meilleurs ingr\u00e9dients issus de sources durables, il offre une exp\u00e9rience olfactive luxueuse et intrigante, con\u00e7ue pour captiver et fasciner.  <\/p>\n","protected":false},"excerpt":{"rendered":"<p>Clandestine Rendez-Vous est un hommage au myst\u00e8re et \u00e0 l\u2019envo\u00fbtement d\u2019un rendez-vous parisien clandestin. Ce parfum d\u2019exception capture l\u2019excitation de l\u2019inconnu, enveloppant celui qui le porte dans une symphonie ambr\u00e9e et aromatique, laissant derri\u00e8re lui un sillage inoubliable.D\u2019une tenue incomparable et \u00e9labor\u00e9 \u00e0 partir des meilleurs ingr\u00e9dients issus de sources durables, il offre une exp\u00e9rience [&hellip;]<\/p>\n","protected":false},"featured_media":328,"template":"","meta":{"_acf_changed":false,"_et_pb_use_builder":"","_et_pb_old_content":"","_et_gb_content_width":""},"product_brand":[],"product_cat":[46],"product_tag":[],"class_list":{"0":"post-72302","1":"product","2":"type-product","3":"status-publish","4":"has-post-thumbnail","6":"product_cat-collection-signature","8":"first","9":"instock","10":"taxable","11":"shipping-taxable","12":"purchasable","13":"product-type-simple"},"acf":[],"_links":{"self":[{"href":"https:\/\/www.lessoeursdenoe.com\/fr\/wp-json\/wp\/v2\/product\/72302","targetHints":{"allow":["GET"]}}],"collection":[{"href":"https:\/\/www.lessoeursdenoe.com\/fr\/wp-json\/wp\/v2\/product"}],"about":[{"href":"https:\/\/www.lessoeursdenoe.com\/fr\/wp-json\/wp\/v2\/types\/product"}],"wp:featuredmedia":[{"embeddable":true,"href":"https:\/\/www.lessoeursdenoe.com\/fr\/wp-json\/wp\/v2\/media\/328"}],"wp:attachment":[{"href":"https:\/\/www.lessoeursdenoe.com\/fr\/wp-json\/wp\/v2\/media?parent=72302"}],"wp:term":[{"taxonomy":"product_brand","embeddable":true,"href":"https:\/\/www.lessoeursdenoe.com\/fr\/wp-json\/wp\/v2\/product_brand?post=72302"},{"taxonomy":"product_cat","embeddable":true,"href":"https:\/\/www.lessoeursdenoe.com\/fr\/wp-json\/wp\/v2\/product_cat?post=72302"},{"taxonomy":"product_tag","embeddable":true,"href":"https:\/\/www.lessoeursdenoe.com\/fr\/wp-json\/wp\/v2\/product_tag?post=72302"}],"curies":[{"name":"wp","href":"https:\/\/api.w.org\/{rel}","templated":true}]}}