{"id":72303,"date":"2025-03-26T14:59:31","date_gmt":"2025-03-26T14:59:31","guid":{"rendered":"https:\/\/www.lessoeursdenoe.com\/non%20class\u00e9\/citrus-poetry\/"},"modified":"2025-11-04T12:24:40","modified_gmt":"2025-11-04T12:24:40","slug":"citrus-poetry","status":"publish","type":"product","link":"https:\/\/www.lessoeursdenoe.com\/fr\/collection-signature\/citrus-poetry\/","title":{"rendered":"Citrus Poetry"},"content":{"rendered":"<p>Citrus Poetry capture la joie d\u2019une escapade m\u00e9diterran\u00e9enne, o\u00f9 le citron p\u00e9tillant, l\u2019orange et la pomme se m\u00ealent \u00e0 la chaleur \u00e9pic\u00e9e du gingembre et du poivre noir. Un voyage sensoriel le long des c\u00f4tes italiennes, \u00e9voquant une promenade \u00e0 travers des vergers d\u2019agrumes caress\u00e9s par la brise marine et baign\u00e9s de lumi\u00e8re dor\u00e9e.<\/p>\n","protected":false},"excerpt":{"rendered":"<p>Citrus Poetry capture la joie d\u2019une escapade m\u00e9diterran\u00e9enne, o\u00f9 le citron p\u00e9tillant, l\u2019orange et la pomme se m\u00ealent \u00e0 la chaleur \u00e9pic\u00e9e du gingembre et du poivre noir. Un voyage sensoriel le long des c\u00f4tes italiennes, \u00e9voquant une promenade \u00e0 travers des vergers d\u2019agrumes caress\u00e9s par la brise marine et baign\u00e9s de lumi\u00e8re dor\u00e9e.<\/p>\n","protected":false},"featured_media":325,"template":"","meta":{"_acf_changed":false,"_et_pb_use_builder":"","_et_pb_old_content":"Citrus Poetry capture la joie d\u2019une escapade m\u00e9diterran\u00e9enne, o\u00f9 le citron p\u00e9tillant, l\u2019orange et la pomme se m\u00ealent \u00e0 la chaleur \u00e9pic\u00e9e du gingembre et du poivre noir. Un voyage sensoriel le long des c\u00f4tes italiennes, \u00e9voquant une promenade \u00e0 travers des vergers d\u2019agrumes caress\u00e9s par la brise marine et baign\u00e9s de lumi\u00e8re dor\u00e9e.","_et_gb_content_width":""},"product_brand":[],"product_cat":[46],"product_tag":[57],"class_list":{"0":"post-72303","1":"product","2":"type-product","3":"status-publish","4":"has-post-thumbnail","6":"product_cat-collection-signature","7":"product_tag-variable","8":"pa_volume-100ml","9":"pa_volume-20ml","11":"first","12":"instock","13":"taxable","14":"shipping-taxable","15":"purchasable","16":"product-type-variable"},"acf":[],"_links":{"self":[{"href":"https:\/\/www.lessoeursdenoe.com\/fr\/wp-json\/wp\/v2\/product\/72303","targetHints":{"allow":["GET"]}}],"collection":[{"href":"https:\/\/www.lessoeursdenoe.com\/fr\/wp-json\/wp\/v2\/product"}],"about":[{"href":"https:\/\/www.lessoeursdenoe.com\/fr\/wp-json\/wp\/v2\/types\/product"}],"wp:featuredmedia":[{"embeddable":true,"href":"https:\/\/www.lessoeursdenoe.com\/fr\/wp-json\/wp\/v2\/media\/325"}],"wp:attachment":[{"href":"https:\/\/www.lessoeursdenoe.com\/fr\/wp-json\/wp\/v2\/media?parent=72303"}],"wp:term":[{"taxonomy":"product_brand","embeddable":true,"href":"https:\/\/www.lessoeursdenoe.com\/fr\/wp-json\/wp\/v2\/product_brand?post=72303"},{"taxonomy":"product_cat","embeddable":true,"href":"https:\/\/www.lessoeursdenoe.com\/fr\/wp-json\/wp\/v2\/product_cat?post=72303"},{"taxonomy":"product_tag","embeddable":true,"href":"https:\/\/www.lessoeursdenoe.com\/fr\/wp-json\/wp\/v2\/product_tag?post=72303"}],"curies":[{"name":"wp","href":"https:\/\/api.w.org\/{rel}","templated":true}]}}