{"id":72304,"date":"2025-03-26T15:00:47","date_gmt":"2025-03-26T15:00:47","guid":{"rendered":"https:\/\/www.lessoeursdenoe.com\/non%20class\u00e9\/call-me-iris\/"},"modified":"2025-11-04T12:24:42","modified_gmt":"2025-11-04T12:24:42","slug":"call-me-iris","status":"publish","type":"product","link":"https:\/\/www.lessoeursdenoe.com\/fr\/collection-signature\/call-me-iris\/","title":{"rendered":"Call Me Iris"},"content":{"rendered":"<p>Call Me Iris est une c\u00e9l\u00e9bration de la beaut\u00e9 intemporelle et de l\u2019\u00e9l\u00e9gance, con\u00e7ue pour r\u00e9v\u00e9ler un iris d\u2019exception. Ce parfum met en lumi\u00e8re une facette fra\u00eeche, vibrante et r\u00e9solument moderne de l\u2019iris.<br \/>Un chef-d\u2019oeuvre olfactif qui incarne la sophistication, le raffinement et une gr\u00e2ce naturelle sans effort.  <\/p>\n","protected":false},"excerpt":{"rendered":"<p>Call Me Iris est une c\u00e9l\u00e9bration de la beaut\u00e9 intemporelle et de l\u2019\u00e9l\u00e9gance, con\u00e7ue pour r\u00e9v\u00e9ler un iris d\u2019exception. Ce parfum met en lumi\u00e8re une facette fra\u00eeche, vibrante et r\u00e9solument moderne de l\u2019iris.Un chef-d\u2019oeuvre olfactif qui incarne la sophistication, le raffinement et une gr\u00e2ce naturelle sans effort.<\/p>\n","protected":false},"featured_media":322,"template":"","meta":{"_acf_changed":false,"_et_pb_use_builder":"on","_et_pb_old_content":"","_et_gb_content_width":""},"product_brand":[],"product_cat":[46],"product_tag":[57],"class_list":{"0":"post-72304","1":"product","2":"type-product","3":"status-publish","4":"has-post-thumbnail","6":"product_cat-collection-signature","7":"product_tag-variable","8":"pa_volume-100ml","9":"pa_volume-20ml","11":"first","12":"instock","13":"taxable","14":"shipping-taxable","15":"purchasable","16":"product-type-variable"},"acf":[],"_links":{"self":[{"href":"https:\/\/www.lessoeursdenoe.com\/fr\/wp-json\/wp\/v2\/product\/72304","targetHints":{"allow":["GET"]}}],"collection":[{"href":"https:\/\/www.lessoeursdenoe.com\/fr\/wp-json\/wp\/v2\/product"}],"about":[{"href":"https:\/\/www.lessoeursdenoe.com\/fr\/wp-json\/wp\/v2\/types\/product"}],"wp:featuredmedia":[{"embeddable":true,"href":"https:\/\/www.lessoeursdenoe.com\/fr\/wp-json\/wp\/v2\/media\/322"}],"wp:attachment":[{"href":"https:\/\/www.lessoeursdenoe.com\/fr\/wp-json\/wp\/v2\/media?parent=72304"}],"wp:term":[{"taxonomy":"product_brand","embeddable":true,"href":"https:\/\/www.lessoeursdenoe.com\/fr\/wp-json\/wp\/v2\/product_brand?post=72304"},{"taxonomy":"product_cat","embeddable":true,"href":"https:\/\/www.lessoeursdenoe.com\/fr\/wp-json\/wp\/v2\/product_cat?post=72304"},{"taxonomy":"product_tag","embeddable":true,"href":"https:\/\/www.lessoeursdenoe.com\/fr\/wp-json\/wp\/v2\/product_tag?post=72304"}],"curies":[{"name":"wp","href":"https:\/\/api.w.org\/{rel}","templated":true}]}}