{"id":72305,"date":"2025-03-26T15:01:42","date_gmt":"2025-03-26T15:01:42","guid":{"rendered":"https:\/\/www.lessoeursdenoe.com\/non%20class\u00e9\/bohemian-absinthe\/"},"modified":"2025-10-07T06:54:37","modified_gmt":"2025-10-07T06:54:37","slug":"bohemian-absinthe","status":"publish","type":"product","link":"https:\/\/www.lessoeursdenoe.com\/fr\/collection-signature\/bohemian-absinthe\/","title":{"rendered":"Bohemian Absinthe"},"content":{"rendered":"<p>Bohemian Absinthe capture l\u2019aura \u00e9nigmatique du Paris de la fin du XIXe si\u00e8cle, une \u00e9poque de libert\u00e9 artistique et de r\u00e9volution cr\u00e9ative. Inspir\u00e9 par les salons enfum\u00e9s du Quartier Latin et l\u2019effervescence de ses rues vibrantes, ce parfum m\u00eale la fra\u00eecheur vivifiante de l\u2019eucalyptus \u00e0 la chaleur profonde et fum\u00e9e du v\u00e9tiver et du cuir. Un hommage olfactif \u00e0 ces boh\u00e8mes libres et insoumis, qui d\u00e9fiaient les conventions et vivaient pour l\u2019art et la passion.  <\/p>\n","protected":false},"excerpt":{"rendered":"<p>Bohemian Absinthe capture l\u2019aura \u00e9nigmatique du Paris de la fin du XIXe si\u00e8cle, une \u00e9poque de libert\u00e9 artistique et de r\u00e9volution cr\u00e9ative. Inspir\u00e9 par les salons enfum\u00e9s du Quartier Latin et l\u2019effervescence de ses rues vibrantes, ce parfum m\u00eale la fra\u00eecheur vivifiante de l\u2019eucalyptus \u00e0 la chaleur profonde et fum\u00e9e du v\u00e9tiver et du cuir. [&hellip;]<\/p>\n","protected":false},"featured_media":319,"template":"","meta":{"_acf_changed":false,"_et_pb_use_builder":"","_et_pb_old_content":"","_et_gb_content_width":""},"product_brand":[],"product_cat":[46],"product_tag":[],"class_list":{"0":"post-72305","1":"product","2":"type-product","3":"status-publish","4":"has-post-thumbnail","6":"product_cat-collection-signature","8":"first","9":"instock","10":"taxable","11":"shipping-taxable","12":"purchasable","13":"product-type-simple"},"acf":[],"_links":{"self":[{"href":"https:\/\/www.lessoeursdenoe.com\/fr\/wp-json\/wp\/v2\/product\/72305","targetHints":{"allow":["GET"]}}],"collection":[{"href":"https:\/\/www.lessoeursdenoe.com\/fr\/wp-json\/wp\/v2\/product"}],"about":[{"href":"https:\/\/www.lessoeursdenoe.com\/fr\/wp-json\/wp\/v2\/types\/product"}],"wp:featuredmedia":[{"embeddable":true,"href":"https:\/\/www.lessoeursdenoe.com\/fr\/wp-json\/wp\/v2\/media\/319"}],"wp:attachment":[{"href":"https:\/\/www.lessoeursdenoe.com\/fr\/wp-json\/wp\/v2\/media?parent=72305"}],"wp:term":[{"taxonomy":"product_brand","embeddable":true,"href":"https:\/\/www.lessoeursdenoe.com\/fr\/wp-json\/wp\/v2\/product_brand?post=72305"},{"taxonomy":"product_cat","embeddable":true,"href":"https:\/\/www.lessoeursdenoe.com\/fr\/wp-json\/wp\/v2\/product_cat?post=72305"},{"taxonomy":"product_tag","embeddable":true,"href":"https:\/\/www.lessoeursdenoe.com\/fr\/wp-json\/wp\/v2\/product_tag?post=72305"}],"curies":[{"name":"wp","href":"https:\/\/api.w.org\/{rel}","templated":true}]}}