{"id":72306,"date":"2025-03-26T15:02:32","date_gmt":"2025-03-26T15:02:32","guid":{"rendered":"https:\/\/www.lessoeursdenoe.com\/non%20class\u00e9\/amazing-jade\/"},"modified":"2025-10-31T07:06:49","modified_gmt":"2025-10-31T07:06:49","slug":"amazing-jade","status":"publish","type":"product","link":"https:\/\/www.lessoeursdenoe.com\/fr\/collection-signature\/amazing-jade\/","title":{"rendered":"Amazing Jade"},"content":{"rendered":"<p>Amazing Jade est une c\u00e9l\u00e9bration de la l\u00e9gendaire Route de la Soie, cette ancienne voie commerciale autrefois connue sous le nom de Route du Jade, symbole d\u2019ouverture, de diversit\u00e9 et de richesse culturelle. Ce parfum est une odyss\u00e9e olfactive, o\u00f9 l\u2019encens \u00e9pic\u00e9 se m\u00eale au cuir, laissant derri\u00e8re lui un sillage sensuel de bois et de musc. Son essence capture la chaleur et le myst\u00e8re de paysages envo\u00fbtants, impr\u00e9gn\u00e9e de l\u2019esprit d\u2019aventure et de d\u00e9couverte.  <\/p>\n","protected":false},"excerpt":{"rendered":"<p>Amazing Jade est une c\u00e9l\u00e9bration de la l\u00e9gendaire Route de la Soie, cette ancienne voie commerciale autrefois connue sous le nom de Route du Jade, symbole d\u2019ouverture, de diversit\u00e9 et de richesse culturelle. Ce parfum est une odyss\u00e9e olfactive, o\u00f9 l\u2019encens \u00e9pic\u00e9 se m\u00eale au cuir, laissant derri\u00e8re lui un sillage sensuel de bois et [&hellip;]<\/p>\n","protected":false},"featured_media":72157,"template":"","meta":{"_acf_changed":false,"_et_pb_use_builder":"","_et_pb_old_content":"Amazing Jade est une c\u00e9l\u00e9bration de la l\u00e9gendaire Route de la Soie, cette ancienne voie commerciale autrefois connue sous le nom de Route du Jade, symbole d\u2019ouverture, de diversit\u00e9 et de richesse culturelle. Ce parfum est une odyss\u00e9e olfactive, o\u00f9 l\u2019encens \u00e9pic\u00e9 se m\u00eale au cuir, laissant derri\u00e8re lui un sillage sensuel de bois et de musc. Son essence capture la chaleur et le myst\u00e8re de paysages envo\u00fbtants, impr\u00e9gn\u00e9e de l\u2019esprit d\u2019aventure et de d\u00e9couverte.  ","_et_gb_content_width":""},"product_brand":[],"product_cat":[46],"product_tag":[],"class_list":{"0":"post-72306","1":"product","2":"type-product","3":"status-publish","4":"has-post-thumbnail","6":"product_cat-collection-signature","8":"first","9":"instock","10":"taxable","11":"shipping-taxable","12":"purchasable","13":"product-type-simple"},"acf":[],"_links":{"self":[{"href":"https:\/\/www.lessoeursdenoe.com\/fr\/wp-json\/wp\/v2\/product\/72306","targetHints":{"allow":["GET"]}}],"collection":[{"href":"https:\/\/www.lessoeursdenoe.com\/fr\/wp-json\/wp\/v2\/product"}],"about":[{"href":"https:\/\/www.lessoeursdenoe.com\/fr\/wp-json\/wp\/v2\/types\/product"}],"wp:featuredmedia":[{"embeddable":true,"href":"https:\/\/www.lessoeursdenoe.com\/fr\/wp-json\/wp\/v2\/media\/72157"}],"wp:attachment":[{"href":"https:\/\/www.lessoeursdenoe.com\/fr\/wp-json\/wp\/v2\/media?parent=72306"}],"wp:term":[{"taxonomy":"product_brand","embeddable":true,"href":"https:\/\/www.lessoeursdenoe.com\/fr\/wp-json\/wp\/v2\/product_brand?post=72306"},{"taxonomy":"product_cat","embeddable":true,"href":"https:\/\/www.lessoeursdenoe.com\/fr\/wp-json\/wp\/v2\/product_cat?post=72306"},{"taxonomy":"product_tag","embeddable":true,"href":"https:\/\/www.lessoeursdenoe.com\/fr\/wp-json\/wp\/v2\/product_tag?post=72306"}],"curies":[{"name":"wp","href":"https:\/\/api.w.org\/{rel}","templated":true}]}}