{"id":72461,"date":"2025-05-05T15:35:53","date_gmt":"2025-05-05T15:35:53","guid":{"rendered":"https:\/\/www.lessoeursdenoe.com\/non%20class\u00e9\/discovery-set\/"},"modified":"2026-02-28T03:01:51","modified_gmt":"2026-02-28T03:01:51","slug":"discovery-set","status":"publish","type":"product","link":"https:\/\/www.lessoeursdenoe.com\/fr\/decouvrir\/discovery-set\/","title":{"rendered":"Set D\u00e9couverte"},"content":{"rendered":"<p>Ce coffret luxueux est parfait pour d\u00e9couvrir ou offrir. Il comprend 10 sprays \u00e9chantillons de 2 ml issus de la Collection Signature : Oud Rose, Mitsio Vanille, Bohemian Absinthe, Jardin de Macarons, Amazing Jade, Call Me Iris, Citrus Poetry, Saffron Flower, Midnight Call et Cuir Noir.<br \/>\nD\u00e9couvrez une s\u00e9lection des parfums les plus uniques, con\u00e7us pour s\u2019adapter \u00e0 toutes les occasions, des instants intimes aux soir\u00e9es d\u2019exception. Ces fragrances d\u2019exception allient polyvalence et raffinement.  <\/p>\n","protected":false},"excerpt":{"rendered":"<p>Ce coffret luxueux est parfait pour d\u00e9couvrir ou offrir. Il comprend 10 sprays \u00e9chantillons de 2 ml issus de la Collection Signature : Oud Rose, Mitsio Vanille, Bohemian Absinthe, Jardin de Macarons, Amazing Jade, Call Me Iris, Citrus Poetry, Saffron Flower, Midnight Call et Cuir Noir. D\u00e9couvrez une s\u00e9lection des parfums les plus uniques, con\u00e7us [&hellip;]<\/p>\n","protected":false},"featured_media":72247,"template":"","meta":{"_acf_changed":false,"_et_pb_use_builder":"on","_et_pb_old_content":"","_et_gb_content_width":""},"product_brand":[],"product_cat":[42,53],"product_tag":[],"class_list":{"0":"post-72461","1":"product","2":"type-product","3":"status-publish","4":"has-post-thumbnail","6":"product_cat-decouvrir","7":"product_cat-coffret-decouverte-cadeau","9":"first","10":"instock","11":"taxable","12":"shipping-taxable","13":"purchasable","14":"product-type-simple"},"acf":[],"_links":{"self":[{"href":"https:\/\/www.lessoeursdenoe.com\/fr\/wp-json\/wp\/v2\/product\/72461","targetHints":{"allow":["GET"]}}],"collection":[{"href":"https:\/\/www.lessoeursdenoe.com\/fr\/wp-json\/wp\/v2\/product"}],"about":[{"href":"https:\/\/www.lessoeursdenoe.com\/fr\/wp-json\/wp\/v2\/types\/product"}],"wp:featuredmedia":[{"embeddable":true,"href":"https:\/\/www.lessoeursdenoe.com\/fr\/wp-json\/wp\/v2\/media\/72247"}],"wp:attachment":[{"href":"https:\/\/www.lessoeursdenoe.com\/fr\/wp-json\/wp\/v2\/media?parent=72461"}],"wp:term":[{"taxonomy":"product_brand","embeddable":true,"href":"https:\/\/www.lessoeursdenoe.com\/fr\/wp-json\/wp\/v2\/product_brand?post=72461"},{"taxonomy":"product_cat","embeddable":true,"href":"https:\/\/www.lessoeursdenoe.com\/fr\/wp-json\/wp\/v2\/product_cat?post=72461"},{"taxonomy":"product_tag","embeddable":true,"href":"https:\/\/www.lessoeursdenoe.com\/fr\/wp-json\/wp\/v2\/product_tag?post=72461"}],"curies":[{"name":"wp","href":"https:\/\/api.w.org\/{rel}","templated":true}]}}